{"id":6,"date":"2021-04-18T14:28:24","date_gmt":"2021-04-18T14:28:24","guid":{"rendered":"https:\/\/www.kfz-autokorrektur.de\/?page_id=6"},"modified":"2022-08-18T18:14:48","modified_gmt":"2022-08-18T18:14:48","slug":"services","status":"publish","type":"page","link":"https:\/\/www.kfz-autokorrektur.de\/?page_id=6","title":{"rendered":"Services"},"content":{"rendered":"<p>An dieser Stelle m\u00f6chten wir unsere Leistungen beschreiben, aber das Beste vorweg, wir machen einfach vieles.<\/p>\n<p><img decoding=\"async\" loading=\"lazy\" src=\"https:\/\/www.kfz-autokorrektur.de\/wp-content\/uploads\/2021\/04\/schluessel.png\" alt=\"center\" width=\"1574\" height=\"462\" class=\"alignnone size-full wp-image-110\" \/><\/p>\n<h2>Leistungspakete<\/h2>\n<p>&nbsp;<\/p>\n<table>\n<tbody>\n<tr>\n<td>&#x2714; Live Zugriff auf digitale Servicehefte<\/td>\n<td>&#x2714; Alle Fabrikate und Modelle<\/td>\n<td>&#x2714; Lackierungsarbeiten<\/td>\n<\/tr>\n<tr>\n<td>&#x2714; Fahrwerk<\/td>\n<td>&#x2714; Scheibenservice<\/td>\n<td>&#x2714; Karosserie<\/td>\n<\/tr>\n<tr>\n<td>&#x2714; Kupplung<\/td>\n<td>&#x2714; HU nach \u00a729 STVZO *<\/td>\n<td>&#x2714; Elektronische Diagnose Tools<\/td>\n<\/tr>\n<tr>\n<td>&#x2714; Getriebe<\/td>\n<td>&#x2714; Motorinstandsetzung<\/td>\n<td>&#x2714; Fahrzeugelektrik<\/td>\n<\/tr>\n<tr>\n<td>&#x2714; Bremsen &amp; Bremsenservice<\/td>\n<td>&#x2714; Inspektionsservice<\/td>\n<td>&#x2714; Reifen &amp; Reifenservice<\/td>\n<\/tr>\n<tr>\n<td>&#x2714; Auspuffservice<\/td>\n<td>&#x2714; \u00d6lwechsel<\/td>\n<td>&#x2714; Reifenreparatur<\/td>\n<\/tr>\n<tr>\n<td>&#x2714; Urlaubs- Winterchecks<\/td>\n<td>&#x2714; Klimaservice<\/td>\n<td>&#x2714; Reifenlagerung<\/td>\n<\/tr>\n<tr>\n<td>&#x2714; Bei Fahrzeuginspektionen gibt es eine professionelle &#8222;Express&#8220; Innen- sowie Au\u00dfenreinigung Ihres Fahrzeuges inklusive<\/td>\n<td>&#x2714; uvm. auf Anfrage<\/td>\n<td><\/td>\n<\/tr>\n<\/tbody>\n<\/table>\n<p>* Durchgef\u00fchrt durch die Firma K\u00dcS und deren qualifizierte Pr\u00fcfingenieure<\/p>\n","protected":false},"excerpt":{"rendered":"<p>An dieser Stelle m\u00f6chten wir unsere Leistungen beschreiben, aber das Beste vorweg, wir machen einfach vieles. Leistungspakete &nbsp; &#x2714; Live<\/p>\n<p><a href=\"https:\/\/www.kfz-autokorrektur.de\/?page_id=6\" class=\"more-link\">Continue reading<span class=\"screen-reader-text\">Services<\/span><\/a><\/p>\n","protected":false},"author":2,"featured_media":0,"parent":0,"menu_order":0,"comment_status":"closed","ping_status":"closed","template":"templates\/full-width-page.php","meta":[],"_links":{"self":[{"href":"https:\/\/www.kfz-autokorrektur.de\/index.php?rest_route=\/wp\/v2\/pages\/6"}],"collection":[{"href":"https:\/\/www.kfz-autokorrektur.de\/index.php?rest_route=\/wp\/v2\/pages"}],"about":[{"href":"https:\/\/www.kfz-autokorrektur.de\/index.php?rest_route=\/wp\/v2\/types\/page"}],"author":[{"embeddable":true,"href":"https:\/\/www.kfz-autokorrektur.de\/index.php?rest_route=\/wp\/v2\/users\/2"}],"replies":[{"embeddable":true,"href":"https:\/\/www.kfz-autokorrektur.de\/index.php?rest_route=%2Fwp%2Fv2%2Fcomments&post=6"}],"version-history":[{"count":22,"href":"https:\/\/www.kfz-autokorrektur.de\/index.php?rest_route=\/wp\/v2\/pages\/6\/revisions"}],"predecessor-version":[{"id":458,"href":"https:\/\/www.kfz-autokorrektur.de\/index.php?rest_route=\/wp\/v2\/pages\/6\/revisions\/458"}],"wp:attachment":[{"href":"https:\/\/www.kfz-autokorrektur.de\/index.php?rest_route=%2Fwp%2Fv2%2Fmedia&parent=6"}],"curies":[{"name":"wp","href":"https:\/\/api.w.org\/{rel}","templated":true}]}}