{"id":2,"date":"2016-05-10T03:48:21","date_gmt":"2016-05-10T03:48:21","guid":{"rendered":"https:\/\/www.kfz-autokorrektur.de\/?page_id=2"},"modified":"2023-08-16T18:01:50","modified_gmt":"2023-08-16T18:01:50","slug":"sample-page","status":"publish","type":"page","link":"https:\/\/www.kfz-autokorrektur.de\/","title":{"rendered":"Home"},"content":{"rendered":"<h2>Willkommen bei der freien Werkstatt<br \/>\nKFZ-Autokorrektur<\/h2>\n<p>Wir bieten &#8222;full service&#8220; kurzfristig, kompetent und kosteneffizient f\u00fcr alle Fabrikate und Modelle an.<br \/>\nVon Instandsetzungsarbeiten bis hin zu Unfallreparaturen wird alles streng nach Herstellerangaben erledigt. Ebenso sind Eintr\u00e4ge der neuen elektronischen online Servicehefte f\u00fcr uns kein Problem.<br \/>\nWir sind bei jedem Auftrag mit Leidenschaft und Stringenz bei der Sache, f\u00fcr eine optimale Abwicklung Ihrer Auftr\u00e4ge.<\/p>\n<h2>Hier k\u00f6nnen Sie uns erreichen<\/h2>\n<table>\n<tbody>\n<tr>\n<th><\/th>\n<\/tr>\n<tr>\n<td>\u272f Mst. Christoph Schild<\/td>\n<\/tr>\n<tr>\n<td>\u2706 Mobil: 0176\/84783953<\/td>\n<\/tr>\n<tr>\n<td>@ E-Mail: <a href=\"mailto:info@kfz-autokorrektur.de\">info@kfz-autokorrektur.de<\/a><\/td>\n<\/tr>\n<tr>\n<td>\u272f Eugen-Langen-Stra\u00dfe 11<\/td>\n<\/tr>\n<tr>\n<td>\u272f 42327 Wuppertal<\/td>\n<\/tr>\n<tr>\n<td>\u272f <a href=\"https:\/\/www.google.de\/maps\/place\/KFZ-Autokorrektur\/@51.2370446,7.0868428,17z\/data=!3m1!4b1!4m6!3m5!1s0x47b8d79a6b80b73d:0xd904d59a1033c3f6!8m2!3d51.2370413!4d7.0894177!16s%2Fg%2F11r0x4r5mb\">Anfahrt<\/a><\/td>\n<\/tr>\n<\/tbody>\n<\/table>\n<p>&nbsp;<\/p>\n<h2>\u00d6ffnungszeiten<\/h2>\n<table>\n<tbody>\n<tr>\n<th><\/th>\n<\/tr>\n<tr>\n<td>Montag bis Freitag: 09:00Uhr &#8211; 18:00Uhr<\/td>\n<\/tr>\n<tr>\n<td>Samstag: 09:00 Uhr &#8211; 12:00 Uhr<\/td>\n<\/tr>\n<tr>\n<td>An Sonntagen und Feiertagen bleibt unser Gesch\u00e4ft geschlossen<\/td>\n<\/tr>\n<\/tbody>\n<\/table>\n<p>&nbsp;<\/p>\n<h2>HU nach \u00a729 STVZO *<\/h2>\n<table>\n<tbody>\n<tr>\n<th><\/th>\n<\/tr>\n<tr>\n<td>Auch kurzfristig m\u00f6glich, aber nur mit vorheriger tel. R\u00fccksprache<br \/>\n* Durchgef\u00fchrt durch die Firma K\u00dcS und deren qualifizierte Pr\u00fcfingenieure<\/td>\n<\/tr>\n<\/tbody>\n<\/table>\n<p>&nbsp;<\/p>\n","protected":false},"excerpt":{"rendered":"<p>Willkommen bei der freien Werkstatt KFZ-Autokorrektur Wir bieten &#8222;full service&#8220; kurzfristig, kompetent und kosteneffizient f\u00fcr alle Fabrikate und Modelle an.<\/p>\n<p><a href=\"https:\/\/www.kfz-autokorrektur.de\/\" class=\"more-link\">Continue reading<span class=\"screen-reader-text\">Home<\/span><\/a><\/p>\n","protected":false},"author":2,"featured_media":0,"parent":0,"menu_order":0,"comment_status":"closed","ping_status":"open","template":"","meta":[],"_links":{"self":[{"href":"https:\/\/www.kfz-autokorrektur.de\/index.php?rest_route=\/wp\/v2\/pages\/2"}],"collection":[{"href":"https:\/\/www.kfz-autokorrektur.de\/index.php?rest_route=\/wp\/v2\/pages"}],"about":[{"href":"https:\/\/www.kfz-autokorrektur.de\/index.php?rest_route=\/wp\/v2\/types\/page"}],"author":[{"embeddable":true,"href":"https:\/\/www.kfz-autokorrektur.de\/index.php?rest_route=\/wp\/v2\/users\/2"}],"replies":[{"embeddable":true,"href":"https:\/\/www.kfz-autokorrektur.de\/index.php?rest_route=%2Fwp%2Fv2%2Fcomments&post=2"}],"version-history":[{"count":42,"href":"https:\/\/www.kfz-autokorrektur.de\/index.php?rest_route=\/wp\/v2\/pages\/2\/revisions"}],"predecessor-version":[{"id":526,"href":"https:\/\/www.kfz-autokorrektur.de\/index.php?rest_route=\/wp\/v2\/pages\/2\/revisions\/526"}],"wp:attachment":[{"href":"https:\/\/www.kfz-autokorrektur.de\/index.php?rest_route=%2Fwp%2Fv2%2Fmedia&parent=2"}],"curies":[{"name":"wp","href":"https:\/\/api.w.org\/{rel}","templated":true}]}}